{"id":2741,"date":"2026-05-04T18:54:22","date_gmt":"2026-05-04T18:54:22","guid":{"rendered":"https:\/\/zenda-info.org\/impressum\/"},"modified":"2026-05-04T19:04:43","modified_gmt":"2026-05-04T19:04:43","slug":"impressum","status":"publish","type":"page","link":"https:\/\/zenda-info.org\/de\/impressum\/","title":{"rendered":"impressum"},"content":{"rendered":"\t\t<div data-elementor-type=\"wp-page\" data-elementor-id=\"2741\" class=\"elementor elementor-2741 elementor-2735\">\n\t\t\t\t<div class=\"elementor-element elementor-element-3dd055c2 e-flex e-con-boxed e-con e-parent\" data-id=\"3dd055c2\" data-element_type=\"container\" data-e-type=\"container\">\n\t\t\t\t\t<div class=\"e-con-inner\">\n\t\t\t\t<div class=\"elementor-element elementor-element-293c0d04 elementor-widget elementor-widget-text-editor\" data-id=\"293c0d04\" data-element_type=\"widget\" data-e-type=\"widget\" data-widget_type=\"text-editor.default\">\n\t\t\t\t\t\t<div class=\"elementor-widget-container\">\n\t\t\t\t\t\t\t\t\t<h2 class=\"text-text-100 mt-3 -mb-1 text-[1.375rem] font-bold\">Impressum<\/h2><p class=\"font-claude-response-body break-words whitespace-normal leading-[1.7]\"><strong>Letzte Aktualisierung: Mai 2026<\/strong><\/p><hr class=\"border-border-200 border-t-0.5 my-3 mx-1.5\"><p>Angaben gem\u00e4\u00df \u00a7 5 TMG:<\/p><p>Roza Alpboga<br>Berliner str. 20,<br>51063 K\u00f6ln<br>Deutschland <\/p><p>Kontakt:<br>Telefon: +49 157 56771810<br>E-Mail: info@zenda-info.org<br>**Verantwortlich f\u00fcr journalistisch-redaktionelle Inhalte gem\u00e4\u00df \u00a7 18 Abs. 2 MStV:**<br>Roza Alpboga<br>Berliner str. 20,<br>51063 K\u00f6ln  <\/p><p>Haftung f\u00fcr Inhalte:<br>Die Inhalte unserer Seiten wurden mit gr\u00f6\u00dfter Sorgfalt erstellt. F\u00fcr die Richtigkeit, Vollst\u00e4ndigkeit und Aktualit\u00e4t der Inhalte k\u00f6nnen wir jedoch keine Gew\u00e4hr \u00fcbernehmen. <\/p><p>Haftung f\u00fcr Links:<br>Unser Angebot enth\u00e4lt Links zu externen Websites Dritter, auf deren Inhalte wir keinen Einfluss haben. Deshalb k\u00f6nnen wir f\u00fcr diese fremden Inhalte auch keine Gew\u00e4hr \u00fcbernehmen. <\/p><p>Urheberrecht:<br>Die durch den Seitenbetreiber erstellten Inhalte und Werke auf diesen Seiten unterliegen dem deutschen Urheberrecht.<\/p>\t\t\t\t\t\t\t\t<\/div>\n\t\t\t\t<\/div>\n\t\t\t\t\t<\/div>\n\t\t\t\t<\/div>\n\t\t\t\t<\/div>\n\t\t","protected":false},"excerpt":{"rendered":"<p>Impressum Letzte Aktualisierung: Mai 2026 Angaben gem\u00e4\u00df \u00a7 5 TMG: Roza AlpbogaBerliner str. 20,51063 K\u00f6lnDeutschland Kontakt:Telefon: +49 157 56771810E-Mail: info@zenda-info.org**Verantwortlich [&hellip;]<\/p>\n","protected":false},"author":1,"featured_media":0,"parent":0,"menu_order":0,"comment_status":"closed","ping_status":"closed","template":"","meta":{"give_campaign_id":0,"site-sidebar-layout":"default","site-content-layout":"","ast-site-content-layout":"default","site-content-style":"default","site-sidebar-style":"default","ast-global-header-display":"","ast-banner-title-visibility":"","ast-main-header-display":"","ast-hfb-above-header-display":"","ast-hfb-below-header-display":"","ast-hfb-mobile-header-display":"","site-post-title":"","ast-breadcrumbs-content":"","ast-featured-img":"","footer-sml-layout":"","ast-disable-related-posts":"","theme-transparent-header-meta":"","adv-header-id-meta":"","stick-header-meta":"","header-above-stick-meta":"","header-main-stick-meta":"","header-below-stick-meta":"","astra-migrate-meta-layouts":"default","ast-page-background-enabled":"default","ast-page-background-meta":{"desktop":{"background-color":"var(--ast-global-color-4)","background-image":"","background-repeat":"repeat","background-position":"center center","background-size":"auto","background-attachment":"scroll","background-type":"","background-media":"","overlay-type":"","overlay-color":"","overlay-opacity":"","overlay-gradient":""},"tablet":{"background-color":"","background-image":"","background-repeat":"repeat","background-position":"center center","background-size":"auto","background-attachment":"scroll","background-type":"","background-media":"","overlay-type":"","overlay-color":"","overlay-opacity":"","overlay-gradient":""},"mobile":{"background-color":"","background-image":"","background-repeat":"repeat","background-position":"center center","background-size":"auto","background-attachment":"scroll","background-type":"","background-media":"","overlay-type":"","overlay-color":"","overlay-opacity":"","overlay-gradient":""}},"ast-content-background-meta":{"desktop":{"background-color":"var(--ast-global-color-5)","background-image":"","background-repeat":"repeat","background-position":"center center","background-size":"auto","background-attachment":"scroll","background-type":"","background-media":"","overlay-type":"","overlay-color":"","overlay-opacity":"","overlay-gradient":""},"tablet":{"background-color":"var(--ast-global-color-5)","background-image":"","background-repeat":"repeat","background-position":"center center","background-size":"auto","background-attachment":"scroll","background-type":"","background-media":"","overlay-type":"","overlay-color":"","overlay-opacity":"","overlay-gradient":""},"mobile":{"background-color":"var(--ast-global-color-5)","background-image":"","background-repeat":"repeat","background-position":"center center","background-size":"auto","background-attachment":"scroll","background-type":"","background-media":"","overlay-type":"","overlay-color":"","overlay-opacity":"","overlay-gradient":""}},"footnotes":""},"class_list":["post-2741","page","type-page","status-publish","hentry"],"campaignId":"","_links":{"self":[{"href":"https:\/\/zenda-info.org\/de\/wp-json\/wp\/v2\/pages\/2741","targetHints":{"allow":["GET"]}}],"collection":[{"href":"https:\/\/zenda-info.org\/de\/wp-json\/wp\/v2\/pages"}],"about":[{"href":"https:\/\/zenda-info.org\/de\/wp-json\/wp\/v2\/types\/page"}],"author":[{"embeddable":true,"href":"https:\/\/zenda-info.org\/de\/wp-json\/wp\/v2\/users\/1"}],"replies":[{"embeddable":true,"href":"https:\/\/zenda-info.org\/de\/wp-json\/wp\/v2\/comments?post=2741"}],"version-history":[{"count":3,"href":"https:\/\/zenda-info.org\/de\/wp-json\/wp\/v2\/pages\/2741\/revisions"}],"predecessor-version":[{"id":2747,"href":"https:\/\/zenda-info.org\/de\/wp-json\/wp\/v2\/pages\/2741\/revisions\/2747"}],"wp:attachment":[{"href":"https:\/\/zenda-info.org\/de\/wp-json\/wp\/v2\/media?parent=2741"}],"curies":[{"name":"wp","href":"https:\/\/api.w.org\/{rel}","templated":true}]}}